{"id":11,"date":"2024-10-28T16:43:37","date_gmt":"2024-10-28T16:43:37","guid":{"rendered":"https:\/\/sahagunweb.realidad5.com\/wp\/?page_id=11"},"modified":"2024-12-09T16:12:45","modified_gmt":"2024-12-09T16:12:45","slug":"datos-abiertos-gesccol","status":"publish","type":"page","link":"https:\/\/sahagunweb.realidad5.com\/wp\/datos-abiertos-gesccol\/","title":{"rendered":"Datos Abiertos \u2013 GESCCOL"},"content":{"rendered":"\t\t<div data-elementor-type=\"wp-page\" data-elementor-id=\"11\" class=\"elementor elementor-11\" data-elementor-settings=\"{&quot;ha_cmc_init_switcher&quot;:&quot;no&quot;}\">\n\t\t\t\t<div class=\"elementor-element elementor-element-34b0927 e-flex e-con-boxed wpr-particle-no wpr-jarallax-no wpr-parallax-no wpr-sticky-section-no e-con e-parent\" data-id=\"34b0927\" data-element_type=\"container\" data-settings=\"{&quot;_ha_eqh_enable&quot;:false}\">\n\t\t\t\t\t<div class=\"e-con-inner\">\n\t\t\t\t<div class=\"elementor-element elementor-element-3d806ab elementor-widget elementor-widget-spacer\" data-id=\"3d806ab\" data-element_type=\"widget\" data-widget_type=\"spacer.default\">\n\t\t\t\t<div class=\"elementor-widget-container\">\n\t\t\t\t\t\t\t<div class=\"elementor-spacer\">\n\t\t\t<div class=\"elementor-spacer-inner\"><\/div>\n\t\t<\/div>\n\t\t\t\t\t\t<\/div>\n\t\t\t\t<\/div>\n\t\t\t\t\t<\/div>\n\t\t\t\t<\/div>\n\t\t<div class=\"elementor-element elementor-element-7a36077 e-flex e-con-boxed wpr-particle-no wpr-jarallax-no wpr-parallax-no wpr-sticky-section-no e-con e-parent\" data-id=\"7a36077\" data-element_type=\"container\" data-settings=\"{&quot;background_background&quot;:&quot;classic&quot;,&quot;_ha_eqh_enable&quot;:false}\">\n\t\t\t\t\t<div class=\"e-con-inner\">\n\t\t\t\t<div class=\"elementor-element elementor-element-206efb3d elementor-widget elementor-widget-spacer\" data-id=\"206efb3d\" data-element_type=\"widget\" data-widget_type=\"spacer.default\">\n\t\t\t\t<div class=\"elementor-widget-container\">\n\t\t\t\t\t\t\t<div class=\"elementor-spacer\">\n\t\t\t<div class=\"elementor-spacer-inner\"><\/div>\n\t\t<\/div>\n\t\t\t\t\t\t<\/div>\n\t\t\t\t<\/div>\n\t\t\t\t<div class=\"elementor-element elementor-element-3affe686 elementor-widget elementor-widget-heading\" data-id=\"3affe686\" data-element_type=\"widget\" data-widget_type=\"heading.default\">\n\t\t\t\t<div class=\"elementor-widget-container\">\n\t\t\t\t\t<h2 class=\"elementor-heading-title elementor-size-default\">Datos Abiertos<\/h2>\t\t\t\t<\/div>\n\t\t\t\t<\/div>\n\t\t\t\t<div class=\"elementor-element elementor-element-1308def4 elementor-widget elementor-widget-spacer\" data-id=\"1308def4\" data-element_type=\"widget\" data-widget_type=\"spacer.default\">\n\t\t\t\t<div class=\"elementor-widget-container\">\n\t\t\t\t\t\t\t<div class=\"elementor-spacer\">\n\t\t\t<div class=\"elementor-spacer-inner\"><\/div>\n\t\t<\/div>\n\t\t\t\t\t\t<\/div>\n\t\t\t\t<\/div>\n\t\t\t\t\t<\/div>\n\t\t\t\t<\/div>\n\t\t<div class=\"elementor-element elementor-element-b24f709 e-flex e-con-boxed wpr-particle-no wpr-jarallax-no wpr-parallax-no wpr-sticky-section-no e-con e-parent\" data-id=\"b24f709\" data-element_type=\"container\" data-settings=\"{&quot;_ha_eqh_enable&quot;:false}\">\n\t\t\t\t\t<div class=\"e-con-inner\">\n\t\t\t\t<div class=\"elementor-element elementor-element-03b32f1 elementor-widget elementor-widget-spacer\" data-id=\"03b32f1\" data-element_type=\"widget\" data-widget_type=\"spacer.default\">\n\t\t\t\t<div class=\"elementor-widget-container\">\n\t\t\t\t\t\t\t<div class=\"elementor-spacer\">\n\t\t\t<div class=\"elementor-spacer-inner\"><\/div>\n\t\t<\/div>\n\t\t\t\t\t\t<\/div>\n\t\t\t\t<\/div>\n\t\t\t\t\t<\/div>\n\t\t\t\t<\/div>\n\t\t<div class=\"elementor-element elementor-element-467f5c6c e-flex e-con-boxed wpr-particle-no wpr-jarallax-no wpr-parallax-no wpr-sticky-section-no e-con e-parent\" data-id=\"467f5c6c\" data-element_type=\"container\" data-settings=\"{&quot;_ha_eqh_enable&quot;:false}\">\n\t\t\t\t\t<div class=\"e-con-inner\">\n\t\t<div class=\"elementor-element elementor-element-24561dc2 e-con-full e-flex wpr-particle-no wpr-jarallax-no wpr-parallax-no wpr-sticky-section-no e-con e-child\" data-id=\"24561dc2\" data-element_type=\"container\" data-settings=\"{&quot;_ha_eqh_enable&quot;:false}\">\n\t\t\t\t<div class=\"elementor-element elementor-element-235a41ce elementor-widget elementor-widget-image\" data-id=\"235a41ce\" data-element_type=\"widget\" data-widget_type=\"image.default\">\n\t\t\t\t<div class=\"elementor-widget-container\">\n\t\t\t\t\t\t\t\t\t\t\t\t\t\t\t\t<a href=\"https:\/\/sahagunweb.realidad5.com\/wp\/tramites-catastrales-gesccol\/\">\n\t\t\t\t\t\t\t<img fetchpriority=\"high\" decoding=\"async\" width=\"399\" height=\"401\" src=\"https:\/\/sahagunweb.realidad5.com\/wp\/wp-content\/uploads\/2024\/12\/documentos.png\" class=\"attachment-large size-large wp-image-138\" alt=\"\" srcset=\"https:\/\/sahagunweb.realidad5.com\/wp\/wp-content\/uploads\/2024\/12\/documentos.png 399w, https:\/\/sahagunweb.realidad5.com\/wp\/wp-content\/uploads\/2024\/12\/documentos-150x150.png 150w\" sizes=\"(max-width: 399px) 100vw, 399px\" \/>\t\t\t\t\t\t\t\t<\/a>\n\t\t\t\t\t\t\t\t\t\t\t\t\t\t\t<\/div>\n\t\t\t\t<\/div>\n\t\t\t\t<div class=\"elementor-element elementor-element-54d0cb8b elementor-widget elementor-widget-heading\" data-id=\"54d0cb8b\" data-element_type=\"widget\" data-widget_type=\"heading.default\">\n\t\t\t\t<div class=\"elementor-widget-container\">\n\t\t\t\t\t<h2 class=\"elementor-heading-title elementor-size-default\">Documentos<\/h2>\t\t\t\t<\/div>\n\t\t\t\t<\/div>\n\t\t\t\t<\/div>\n\t\t<div class=\"elementor-element elementor-element-723a2bf6 e-con-full e-flex wpr-particle-no wpr-jarallax-no wpr-parallax-no wpr-sticky-section-no e-con e-child\" data-id=\"723a2bf6\" data-element_type=\"container\" data-settings=\"{&quot;_ha_eqh_enable&quot;:false}\">\n\t\t\t\t<div class=\"elementor-element elementor-element-386904c3 elementor-widget elementor-widget-image\" data-id=\"386904c3\" data-element_type=\"widget\" data-widget_type=\"image.default\">\n\t\t\t\t<div class=\"elementor-widget-container\">\n\t\t\t\t\t\t\t\t\t\t\t\t\t\t\t\t<a href=\"https:\/\/sahagunweb.realidad5.com\/wp\/productos-catastrales-gesccol\/\">\n\t\t\t\t\t\t\t<img decoding=\"async\" width=\"401\" height=\"398\" src=\"https:\/\/sahagunweb.realidad5.com\/wp\/wp-content\/uploads\/2024\/12\/alfanumericos.png\" class=\"attachment-large size-large wp-image-137\" alt=\"\" srcset=\"https:\/\/sahagunweb.realidad5.com\/wp\/wp-content\/uploads\/2024\/12\/alfanumericos.png 401w, https:\/\/sahagunweb.realidad5.com\/wp\/wp-content\/uploads\/2024\/12\/alfanumericos-300x298.png 300w, https:\/\/sahagunweb.realidad5.com\/wp\/wp-content\/uploads\/2024\/12\/alfanumericos-150x150.png 150w\" sizes=\"(max-width: 401px) 100vw, 401px\" \/>\t\t\t\t\t\t\t\t<\/a>\n\t\t\t\t\t\t\t\t\t\t\t\t\t\t\t<\/div>\n\t\t\t\t<\/div>\n\t\t\t\t<div class=\"elementor-element elementor-element-75c65745 elementor-widget elementor-widget-heading\" data-id=\"75c65745\" data-element_type=\"widget\" data-widget_type=\"heading.default\">\n\t\t\t\t<div class=\"elementor-widget-container\">\n\t\t\t\t\t<h2 class=\"elementor-heading-title elementor-size-default\">Datos Alfanum\u00e9ricos<\/h2>\t\t\t\t<\/div>\n\t\t\t\t<\/div>\n\t\t\t\t<\/div>\n\t\t<div class=\"elementor-element elementor-element-5e3e762f e-con-full e-flex wpr-particle-no wpr-jarallax-no wpr-parallax-no wpr-sticky-section-no e-con e-child\" data-id=\"5e3e762f\" data-element_type=\"container\" data-settings=\"{&quot;_ha_eqh_enable&quot;:false}\">\n\t\t\t\t<div class=\"elementor-element elementor-element-3726566c elementor-widget elementor-widget-image\" data-id=\"3726566c\" data-element_type=\"widget\" data-widget_type=\"image.default\">\n\t\t\t\t<div class=\"elementor-widget-container\">\n\t\t\t\t\t\t\t\t\t\t\t\t\t\t\t\t<a href=\"https:\/\/sahagunweb.realidad5.com\/wp\/observatorio-inmobiliario-gesccol\/\">\n\t\t\t\t\t\t\t<img decoding=\"async\" width=\"405\" height=\"402\" src=\"https:\/\/sahagunweb.realidad5.com\/wp\/wp-content\/uploads\/2024\/12\/geograficos.png\" class=\"attachment-large size-large wp-image-139\" alt=\"\" srcset=\"https:\/\/sahagunweb.realidad5.com\/wp\/wp-content\/uploads\/2024\/12\/geograficos.png 405w, https:\/\/sahagunweb.realidad5.com\/wp\/wp-content\/uploads\/2024\/12\/geograficos-300x298.png 300w, https:\/\/sahagunweb.realidad5.com\/wp\/wp-content\/uploads\/2024\/12\/geograficos-150x150.png 150w\" sizes=\"(max-width: 405px) 100vw, 405px\" \/>\t\t\t\t\t\t\t\t<\/a>\n\t\t\t\t\t\t\t\t\t\t\t\t\t\t\t<\/div>\n\t\t\t\t<\/div>\n\t\t\t\t<div class=\"elementor-element elementor-element-74844d0c elementor-widget elementor-widget-heading\" data-id=\"74844d0c\" data-element_type=\"widget\" data-widget_type=\"heading.default\">\n\t\t\t\t<div class=\"elementor-widget-container\">\n\t\t\t\t\t<h2 class=\"elementor-heading-title elementor-size-default\">Datos Geogr\u00e1ficos<\/h2>\t\t\t\t<\/div>\n\t\t\t\t<\/div>\n\t\t\t\t<\/div>\n\t\t\t\t\t<\/div>\n\t\t\t\t<\/div>\n\t\t<div class=\"elementor-element elementor-element-2dc1239 e-flex e-con-boxed wpr-particle-no wpr-jarallax-no wpr-parallax-no wpr-sticky-section-no e-con e-parent\" data-id=\"2dc1239\" data-element_type=\"container\" data-settings=\"{&quot;_ha_eqh_enable&quot;:false}\">\n\t\t\t\t\t<div class=\"e-con-inner\">\n\t\t\t\t<div class=\"elementor-element elementor-element-533a744 elementor-widget elementor-widget-spacer\" data-id=\"533a744\" data-element_type=\"widget\" data-widget_type=\"spacer.default\">\n\t\t\t\t<div class=\"elementor-widget-container\">\n\t\t\t\t\t\t\t<div class=\"elementor-spacer\">\n\t\t\t<div class=\"elementor-spacer-inner\"><\/div>\n\t\t<\/div>\n\t\t\t\t\t\t<\/div>\n\t\t\t\t<\/div>\n\t\t\t\t\t<\/div>\n\t\t\t\t<\/div>\n\t\t\t\t<\/div>\n\t\t","protected":false},"excerpt":{"rendered":"<p>Datos Abiertos Documentos Datos Alfanum\u00e9ricos Datos Geogr\u00e1ficos<\/p>\n","protected":false},"author":1,"featured_media":0,"parent":0,"menu_order":0,"comment_status":"closed","ping_status":"closed","template":"","meta":{"site-sidebar-layout":"no-sidebar","site-content-layout":"","ast-site-content-layout":"full-width-container","site-content-style":"default","site-sidebar-style":"default","ast-global-header-display":"","ast-banner-title-visibility":"","ast-main-header-display":"","ast-hfb-above-header-display":"","ast-hfb-below-header-display":"","ast-hfb-mobile-header-display":"","site-post-title":"disabled","ast-breadcrumbs-content":"","ast-featured-img":"disabled","footer-sml-layout":"","theme-transparent-header-meta":"","adv-header-id-meta":"","stick-header-meta":"","header-above-stick-meta":"","header-main-stick-meta":"","header-below-stick-meta":"","astra-migrate-meta-layouts":"default","ast-page-background-enabled":"default","ast-page-background-meta":{"desktop":{"background-color":"var(--ast-global-color-4)","background-image":"","background-repeat":"repeat","background-position":"center center","background-size":"auto","background-attachment":"scroll","background-type":"","background-media":"","overlay-type":"","overlay-color":"","overlay-opacity":"","overlay-gradient":""},"tablet":{"background-color":"","background-image":"","background-repeat":"repeat","background-position":"center center","background-size":"auto","background-attachment":"scroll","background-type":"","background-media":"","overlay-type":"","overlay-color":"","overlay-opacity":"","overlay-gradient":""},"mobile":{"background-color":"","background-image":"","background-repeat":"repeat","background-position":"center center","background-size":"auto","background-attachment":"scroll","background-type":"","background-media":"","overlay-type":"","overlay-color":"","overlay-opacity":"","overlay-gradient":""}},"ast-content-background-meta":{"desktop":{"background-color":"var(--ast-global-color-5)","background-image":"","background-repeat":"repeat","background-position":"center center","background-size":"auto","background-attachment":"scroll","background-type":"","background-media":"","overlay-type":"","overlay-color":"","overlay-opacity":"","overlay-gradient":""},"tablet":{"background-color":"var(--ast-global-color-5)","background-image":"","background-repeat":"repeat","background-position":"center center","background-size":"auto","background-attachment":"scroll","background-type":"","background-media":"","overlay-type":"","overlay-color":"","overlay-opacity":"","overlay-gradient":""},"mobile":{"background-color":"var(--ast-global-color-5)","background-image":"","background-repeat":"repeat","background-position":"center center","background-size":"auto","background-attachment":"scroll","background-type":"","background-media":"","overlay-type":"","overlay-color":"","overlay-opacity":"","overlay-gradient":""}},"footnotes":""},"class_list":["post-11","page","type-page","status-publish","hentry"],"yoast_head":"<!-- This site is optimized with the Yoast SEO plugin v26.1.1 - https:\/\/yoast.com\/wordpress\/plugins\/seo\/ -->\n<title>Datos Abiertos \u2013 GESCCOL - Catastro Sahag\u00fan<\/title>\n<meta name=\"robots\" content=\"index, follow, max-snippet:-1, max-image-preview:large, max-video-preview:-1\" \/>\n<link rel=\"canonical\" href=\"https:\/\/sahagunweb.realidad5.com\/wp\/datos-abiertos-gesccol\/\" \/>\n<meta property=\"og:locale\" content=\"es_ES\" \/>\n<meta property=\"og:type\" content=\"article\" \/>\n<meta property=\"og:title\" content=\"Datos Abiertos \u2013 GESCCOL - Catastro Sahag\u00fan\" \/>\n<meta property=\"og:description\" content=\"Datos Abiertos Documentos Datos Alfanum\u00e9ricos Datos Geogr\u00e1ficos\" \/>\n<meta property=\"og:url\" content=\"https:\/\/sahagunweb.realidad5.com\/wp\/datos-abiertos-gesccol\/\" \/>\n<meta property=\"og:site_name\" content=\"Catastro Sahag\u00fan\" \/>\n<meta property=\"article:modified_time\" content=\"2024-12-09T16:12:45+00:00\" \/>\n<meta property=\"og:image\" content=\"https:\/\/sahagunweb.realidad5.com\/wp\/wp-content\/uploads\/2024\/12\/documentos.png\" \/>\n\t<meta property=\"og:image:width\" content=\"399\" \/>\n\t<meta property=\"og:image:height\" content=\"401\" \/>\n\t<meta property=\"og:image:type\" content=\"image\/png\" \/>\n<meta name=\"twitter:card\" content=\"summary_large_image\" \/>\n<script type=\"application\/ld+json\" class=\"yoast-schema-graph\">{\"@context\":\"https:\/\/schema.org\",\"@graph\":[{\"@type\":\"WebPage\",\"@id\":\"https:\/\/sahagunweb.realidad5.com\/wp\/datos-abiertos-gesccol\/\",\"url\":\"https:\/\/sahagunweb.realidad5.com\/wp\/datos-abiertos-gesccol\/\",\"name\":\"Datos Abiertos \u2013 GESCCOL - Catastro Sahag\u00fan\",\"isPartOf\":{\"@id\":\"https:\/\/sahagunweb.realidad5.com\/wp\/#website\"},\"primaryImageOfPage\":{\"@id\":\"https:\/\/sahagunweb.realidad5.com\/wp\/datos-abiertos-gesccol\/#primaryimage\"},\"image\":{\"@id\":\"https:\/\/sahagunweb.realidad5.com\/wp\/datos-abiertos-gesccol\/#primaryimage\"},\"thumbnailUrl\":\"https:\/\/sahagunweb.realidad5.com\/wp\/wp-content\/uploads\/2024\/12\/documentos.png\",\"datePublished\":\"2024-10-28T16:43:37+00:00\",\"dateModified\":\"2024-12-09T16:12:45+00:00\",\"breadcrumb\":{\"@id\":\"https:\/\/sahagunweb.realidad5.com\/wp\/datos-abiertos-gesccol\/#breadcrumb\"},\"inLanguage\":\"es\",\"potentialAction\":[{\"@type\":\"ReadAction\",\"target\":[\"https:\/\/sahagunweb.realidad5.com\/wp\/datos-abiertos-gesccol\/\"]}]},{\"@type\":\"ImageObject\",\"inLanguage\":\"es\",\"@id\":\"https:\/\/sahagunweb.realidad5.com\/wp\/datos-abiertos-gesccol\/#primaryimage\",\"url\":\"https:\/\/sahagunweb.realidad5.com\/wp\/wp-content\/uploads\/2024\/12\/documentos.png\",\"contentUrl\":\"https:\/\/sahagunweb.realidad5.com\/wp\/wp-content\/uploads\/2024\/12\/documentos.png\",\"width\":399,\"height\":401},{\"@type\":\"BreadcrumbList\",\"@id\":\"https:\/\/sahagunweb.realidad5.com\/wp\/datos-abiertos-gesccol\/#breadcrumb\",\"itemListElement\":[{\"@type\":\"ListItem\",\"position\":1,\"name\":\"Portada\",\"item\":\"https:\/\/sahagunweb.realidad5.com\/wp\/\"},{\"@type\":\"ListItem\",\"position\":2,\"name\":\"Datos Abiertos \u2013 GESCCOL\"}]},{\"@type\":\"WebSite\",\"@id\":\"https:\/\/sahagunweb.realidad5.com\/wp\/#website\",\"url\":\"https:\/\/sahagunweb.realidad5.com\/wp\/\",\"name\":\"Catastro Sahag\u00fan\",\"description\":\"My WordPress Blog\",\"publisher\":{\"@id\":\"https:\/\/sahagunweb.realidad5.com\/wp\/#organization\"},\"potentialAction\":[{\"@type\":\"SearchAction\",\"target\":{\"@type\":\"EntryPoint\",\"urlTemplate\":\"https:\/\/sahagunweb.realidad5.com\/wp\/?s={search_term_string}\"},\"query-input\":{\"@type\":\"PropertyValueSpecification\",\"valueRequired\":true,\"valueName\":\"search_term_string\"}}],\"inLanguage\":\"es\"},{\"@type\":\"Organization\",\"@id\":\"https:\/\/sahagunweb.realidad5.com\/wp\/#organization\",\"name\":\"Catastro Sahag\u00fan\",\"url\":\"https:\/\/sahagunweb.realidad5.com\/wp\/\",\"logo\":{\"@type\":\"ImageObject\",\"inLanguage\":\"es\",\"@id\":\"https:\/\/sahagunweb.realidad5.com\/wp\/#\/schema\/logo\/image\/\",\"url\":\"https:\/\/sahagunweb.realidad5.com\/wp\/wp-content\/uploads\/2024\/10\/gescool.png\",\"contentUrl\":\"https:\/\/sahagunweb.realidad5.com\/wp\/wp-content\/uploads\/2024\/10\/gescool.png\",\"width\":1334,\"height\":573,\"caption\":\"Catastro Sahag\u00fan\"},\"image\":{\"@id\":\"https:\/\/sahagunweb.realidad5.com\/wp\/#\/schema\/logo\/image\/\"}}]}<\/script>\n<!-- \/ Yoast SEO plugin. -->","yoast_head_json":{"title":"Datos Abiertos \u2013 GESCCOL - Catastro Sahag\u00fan","robots":{"index":"index","follow":"follow","max-snippet":"max-snippet:-1","max-image-preview":"max-image-preview:large","max-video-preview":"max-video-preview:-1"},"canonical":"https:\/\/sahagunweb.realidad5.com\/wp\/datos-abiertos-gesccol\/","og_locale":"es_ES","og_type":"article","og_title":"Datos Abiertos \u2013 GESCCOL - Catastro Sahag\u00fan","og_description":"Datos Abiertos Documentos Datos Alfanum\u00e9ricos Datos Geogr\u00e1ficos","og_url":"https:\/\/sahagunweb.realidad5.com\/wp\/datos-abiertos-gesccol\/","og_site_name":"Catastro Sahag\u00fan","article_modified_time":"2024-12-09T16:12:45+00:00","og_image":[{"width":399,"height":401,"url":"https:\/\/sahagunweb.realidad5.com\/wp\/wp-content\/uploads\/2024\/12\/documentos.png","type":"image\/png"}],"twitter_card":"summary_large_image","schema":{"@context":"https:\/\/schema.org","@graph":[{"@type":"WebPage","@id":"https:\/\/sahagunweb.realidad5.com\/wp\/datos-abiertos-gesccol\/","url":"https:\/\/sahagunweb.realidad5.com\/wp\/datos-abiertos-gesccol\/","name":"Datos Abiertos \u2013 GESCCOL - Catastro Sahag\u00fan","isPartOf":{"@id":"https:\/\/sahagunweb.realidad5.com\/wp\/#website"},"primaryImageOfPage":{"@id":"https:\/\/sahagunweb.realidad5.com\/wp\/datos-abiertos-gesccol\/#primaryimage"},"image":{"@id":"https:\/\/sahagunweb.realidad5.com\/wp\/datos-abiertos-gesccol\/#primaryimage"},"thumbnailUrl":"https:\/\/sahagunweb.realidad5.com\/wp\/wp-content\/uploads\/2024\/12\/documentos.png","datePublished":"2024-10-28T16:43:37+00:00","dateModified":"2024-12-09T16:12:45+00:00","breadcrumb":{"@id":"https:\/\/sahagunweb.realidad5.com\/wp\/datos-abiertos-gesccol\/#breadcrumb"},"inLanguage":"es","potentialAction":[{"@type":"ReadAction","target":["https:\/\/sahagunweb.realidad5.com\/wp\/datos-abiertos-gesccol\/"]}]},{"@type":"ImageObject","inLanguage":"es","@id":"https:\/\/sahagunweb.realidad5.com\/wp\/datos-abiertos-gesccol\/#primaryimage","url":"https:\/\/sahagunweb.realidad5.com\/wp\/wp-content\/uploads\/2024\/12\/documentos.png","contentUrl":"https:\/\/sahagunweb.realidad5.com\/wp\/wp-content\/uploads\/2024\/12\/documentos.png","width":399,"height":401},{"@type":"BreadcrumbList","@id":"https:\/\/sahagunweb.realidad5.com\/wp\/datos-abiertos-gesccol\/#breadcrumb","itemListElement":[{"@type":"ListItem","position":1,"name":"Portada","item":"https:\/\/sahagunweb.realidad5.com\/wp\/"},{"@type":"ListItem","position":2,"name":"Datos Abiertos \u2013 GESCCOL"}]},{"@type":"WebSite","@id":"https:\/\/sahagunweb.realidad5.com\/wp\/#website","url":"https:\/\/sahagunweb.realidad5.com\/wp\/","name":"Catastro Sahag\u00fan","description":"My WordPress Blog","publisher":{"@id":"https:\/\/sahagunweb.realidad5.com\/wp\/#organization"},"potentialAction":[{"@type":"SearchAction","target":{"@type":"EntryPoint","urlTemplate":"https:\/\/sahagunweb.realidad5.com\/wp\/?s={search_term_string}"},"query-input":{"@type":"PropertyValueSpecification","valueRequired":true,"valueName":"search_term_string"}}],"inLanguage":"es"},{"@type":"Organization","@id":"https:\/\/sahagunweb.realidad5.com\/wp\/#organization","name":"Catastro Sahag\u00fan","url":"https:\/\/sahagunweb.realidad5.com\/wp\/","logo":{"@type":"ImageObject","inLanguage":"es","@id":"https:\/\/sahagunweb.realidad5.com\/wp\/#\/schema\/logo\/image\/","url":"https:\/\/sahagunweb.realidad5.com\/wp\/wp-content\/uploads\/2024\/10\/gescool.png","contentUrl":"https:\/\/sahagunweb.realidad5.com\/wp\/wp-content\/uploads\/2024\/10\/gescool.png","width":1334,"height":573,"caption":"Catastro Sahag\u00fan"},"image":{"@id":"https:\/\/sahagunweb.realidad5.com\/wp\/#\/schema\/logo\/image\/"}}]}},"_links":{"self":[{"href":"https:\/\/sahagunweb.realidad5.com\/wp\/wp-json\/wp\/v2\/pages\/11","targetHints":{"allow":["GET"]}}],"collection":[{"href":"https:\/\/sahagunweb.realidad5.com\/wp\/wp-json\/wp\/v2\/pages"}],"about":[{"href":"https:\/\/sahagunweb.realidad5.com\/wp\/wp-json\/wp\/v2\/types\/page"}],"author":[{"embeddable":true,"href":"https:\/\/sahagunweb.realidad5.com\/wp\/wp-json\/wp\/v2\/users\/1"}],"replies":[{"embeddable":true,"href":"https:\/\/sahagunweb.realidad5.com\/wp\/wp-json\/wp\/v2\/comments?post=11"}],"version-history":[{"count":4,"href":"https:\/\/sahagunweb.realidad5.com\/wp\/wp-json\/wp\/v2\/pages\/11\/revisions"}],"predecessor-version":[{"id":167,"href":"https:\/\/sahagunweb.realidad5.com\/wp\/wp-json\/wp\/v2\/pages\/11\/revisions\/167"}],"wp:attachment":[{"href":"https:\/\/sahagunweb.realidad5.com\/wp\/wp-json\/wp\/v2\/media?parent=11"}],"curies":[{"name":"wp","href":"https:\/\/api.w.org\/{rel}","templated":true}]}}